{"id":325,"date":"2017-04-29T09:40:28","date_gmt":"2017-04-29T09:40:28","guid":{"rendered":"https:\/\/hurardethososs.se\/wp\/?page_id=325"},"modified":"2022-09-17T05:02:40","modified_gmt":"2022-09-17T05:02:40","slug":"webbutik-start","status":"publish","type":"page","link":"https:\/\/hurardethososs.se\/wp\/webbutik-start\/","title":{"rendered":"Webbshop"},"content":{"rendered":"\n<h1 class=\"wp-block-heading\">Webbshop<\/h1>\n\n\n\n<p>H\u00e4r kan du k\u00f6pa den fysiska kortleken, se de olika alternativen nedan. <\/p>\n\n\n\n<h2 class=\"wp-block-heading\">K\u00f6pa digital kortlek till ert intran\u00e4t<\/h2>\n\n\n\n<p>Vill ni ha kortleken digitalt p\u00e5 er arbetsplats intran\u00e4t? I standarddesign eller med er egen design?&nbsp;<a href=\"https:\/\/hurardethososs.se\/wp\/kontakt2\/\" target=\"_blank\" rel=\"noreferrer noopener\">Kontakta oss<\/a>&nbsp;f\u00f6r mer information.<\/p>\n\n\n\n<h2 class=\"wp-block-heading\">K\u00f6pa fysiska kortlekar<\/h2>\n\n\n<p>Du kan k\u00f6pa kortlekarna #hur\u00e4rdethososs, #atourworkplace, #unUnseremArbeitsplatz, #ANotreTravail, #EnNuestroTrabajo, #Meid\u00e4nTY\u00f6paikallamme och #unaswpracy h\u00e4r i v\u00e5r webbutik. Du kan betala p\u00e5 med kort, Google Pay, Apple Pay eller via faktura (g\u00e4ller endast f\u00f6retag och organisationer). Du kan ocks\u00e5 k\u00f6pa kortleken p\u00e5 svenska, engelska och tyska via Bokus och bokhandlare i Sverige, se l\u00e4nkar l\u00e4ngst ner p\u00e5 sidan.<\/p>\n<p><img decoding=\"async\" class=\"alignnone  wp-image-3872\" src=\"https:\/\/hurardethososs.se\/wp\/wp-content\/uploads\/2019\/02\/Card-game-atourwokplace-300x252.jpg\" alt=\"\" width=\"212\" height=\"178\" srcset=\"https:\/\/hurardethososs.se\/wp\/wp-content\/uploads\/2019\/02\/Card-game-atourwokplace-300x252.jpg 300w, https:\/\/hurardethososs.se\/wp\/wp-content\/uploads\/2019\/02\/Card-game-atourwokplace-1024x860.jpg 1024w, https:\/\/hurardethososs.se\/wp\/wp-content\/uploads\/2019\/02\/Card-game-atourwokplace-768x645.jpg 768w, https:\/\/hurardethososs.se\/wp\/wp-content\/uploads\/2019\/02\/Card-game-atourwokplace-1536x1289.jpg 1536w, https:\/\/hurardethososs.se\/wp\/wp-content\/uploads\/2019\/02\/Card-game-atourwokplace-350x294.jpg 350w, https:\/\/hurardethososs.se\/wp\/wp-content\/uploads\/2019\/02\/Card-game-atourwokplace.jpg 1757w\" sizes=\"(max-width: 212px) 100vw, 212px\" \/> <img decoding=\"async\" class=\" wp-image-3871 alignnone\" src=\"https:\/\/hurardethososs.se\/wp\/wp-content\/uploads\/2020\/08\/anUnseremArbeitsplatz-framsida-kort-1-300x225.jpg\" alt=\"\" width=\"231\" height=\"173\" srcset=\"https:\/\/hurardethososs.se\/wp\/wp-content\/uploads\/2020\/08\/anUnseremArbeitsplatz-framsida-kort-1-300x225.jpg 300w, https:\/\/hurardethososs.se\/wp\/wp-content\/uploads\/2020\/08\/anUnseremArbeitsplatz-framsida-kort-1-1024x768.jpg 1024w, https:\/\/hurardethososs.se\/wp\/wp-content\/uploads\/2020\/08\/anUnseremArbeitsplatz-framsida-kort-1-768x576.jpg 768w, https:\/\/hurardethososs.se\/wp\/wp-content\/uploads\/2020\/08\/anUnseremArbeitsplatz-framsida-kort-1-1536x1152.jpg 1536w, https:\/\/hurardethososs.se\/wp\/wp-content\/uploads\/2020\/08\/anUnseremArbeitsplatz-framsida-kort-1-2048x1536.jpg 2048w, https:\/\/hurardethososs.se\/wp\/wp-content\/uploads\/2020\/08\/anUnseremArbeitsplatz-framsida-kort-1-350x263.jpg 350w\" sizes=\"(max-width: 231px) 100vw, 231px\" \/> <img decoding=\"async\" class=\"alignnone  wp-image-301\" src=\"https:\/\/hurardethososs.se\/wp\/wp-content\/uploads\/2017\/03\/Kortlek-hur\u00e4rdethososs-300x243.png\" alt=\"\" width=\"213\" height=\"172\" srcset=\"https:\/\/hurardethososs.se\/wp\/wp-content\/uploads\/2017\/03\/Kortlek-hur\u00e4rdethososs-300x243.png 300w, https:\/\/hurardethososs.se\/wp\/wp-content\/uploads\/2017\/03\/Kortlek-hur\u00e4rdethososs-768x621.png 768w, https:\/\/hurardethososs.se\/wp\/wp-content\/uploads\/2017\/03\/Kortlek-hur\u00e4rdethososs.png 774w\" sizes=\"(max-width: 213px) 100vw, 213px\" \/><\/p>\n<p>Kortlekarna kostar 300 SEK inkl.\u00a0 moms. Frakt tillkommer med 35 SEK (Sverige) eller 100 SEK (utanf\u00f6r Sverige).<\/p>\n\n\n<div class=\"wp-block-button\"><a class=\"wp-block-button__link has-pale-pink-background-color has-background\" href=\"https:\/\/hurardethososs.se\/wp\/butik\/\">Jag vill betala med kreditkort (via Stripe), Google Pay eller Apple Pay<\/a><\/div>\n\n\n\n<div class=\"wp-block-buttons is-layout-flex wp-block-buttons-is-layout-flex\">\n<div class=\"wp-block-button has-custom-width wp-block-button__width-50\"><a class=\"wp-block-button__link has-white-color has-cyan-bluish-gray-background-color has-text-color has-background\" href=\"https:\/\/hurardethososs.se\/wp\/webbutik-swish\/\">Jag vill betala med swish<\/a><\/div>\n<\/div>\n\n\n\n<div class=\"wp-block-button\"><a class=\"wp-block-button__link has-vivid-cyan-blue-background-color has-background\" href=\"https:\/\/hurardethososs.se\/wp\/webbutik-faktura\/\">Jag vill betala mot faktura (g\u00e4ller f\u00f6r f\u00f6retag eller organisation)<\/a><\/div>\n\n\n\n<p><\/p>\n\n\n\n<p>Har du fr\u00e5gor om webbutiken och dess produkter? Kontakta oss <a rel=\"noreferrer noopener\" href=\"https:\/\/hurardethososs.se\/wp\/kontakta-oss\/\" target=\"_blank\">via e-post eller telefon<\/a>. <\/p>\n\n\n\n<hr class=\"wp-block-separator has-css-opacity\"\/>\n\n\n\n<p> <\/p>\n\n\n\n<p>De fysiska kortlekarna (p\u00e5 svenska, engelska, tyska) s\u00e4ljs ocks\u00e5 via Bokus och bokhandlare i Sverige (de kan ha andra priser).<\/p>\n\n\n\n<hr class=\"wp-block-separator has-css-opacity\"\/>\n\n\n\n<figure class=\"wp-block-image\"><img decoding=\"async\" width=\"407\" height=\"134\" src=\"https:\/\/hurardethososs.se\/wp\/wp-content\/uploads\/2018\/10\/Bokus-logga-2.png\" alt=\"\" class=\"wp-image-443\" srcset=\"https:\/\/hurardethososs.se\/wp\/wp-content\/uploads\/2018\/10\/Bokus-logga-2.png 407w, https:\/\/hurardethososs.se\/wp\/wp-content\/uploads\/2018\/10\/Bokus-logga-2-300x99.png 300w, https:\/\/hurardethososs.se\/wp\/wp-content\/uploads\/2018\/10\/Bokus-logga-2-350x115.png 350w\" sizes=\"(max-width: 407px) 100vw, 407px\" \/><figcaption>#hur\u00e4rdethososs #atourworkplace #anUnseremArbeitsplatz  s\u00e4ljs hos Bokus<\/figcaption><\/figure>\n\n\n\n<div class=\"wp-block-button alignleft\"><a class=\"wp-block-button__link has-luminous-vivid-orange-background-color has-background\" href=\"https:\/\/www.bokus.com\/bok\/9789198251067\/kortlek-hurardethososs-jamstalldhet-mangfald\/\" target=\"_blank\" rel=\"noreferrer noopener\">Kortleken p\u00e5 svenska hos Bokus<\/a><\/div>\n\n\n\n<div class=\"wp-block-buttons is-layout-flex wp-block-buttons-is-layout-flex\">\n<div class=\"wp-block-button is-style-fill\"><a class=\"wp-block-button__link has-vivid-green-cyan-background-color has-background\" href=\"https:\/\/www.bokus.com\/bok\/9789198251081\/cardgame-atourworkplace-inclusion\/\" target=\"_blank\" rel=\"noreferrer noopener\">Kortleken p\u00e5 engelska hos Bokus<\/a><\/div>\n<\/div>\n\n\n\n<div class=\"wp-block-buttons is-layout-flex wp-block-buttons-is-layout-flex\">\n<div class=\"wp-block-button is-style-fill\"><a class=\"wp-block-button__link has-cyan-bluish-gray-background-color has-background\" href=\"https:\/\/www.bokus.com\/bok\/9789198251098\/cardgame-anunseremarbeitzplatz\/\" target=\"_blank\" rel=\"noreferrer noopener\">Kortleken p\u00e5 tyska hos Bokus<\/a><\/div>\n<\/div>\n\n\n\n<p><\/p>\n","protected":false},"excerpt":{"rendered":"<p>Webbshop H\u00e4r kan du k\u00f6pa den fysiska kortleken, se de olika alternativen nedan. K\u00f6pa digital kortlek till ert intran\u00e4t Vill ni ha kortleken digitalt p\u00e5 er arbetsplats intran\u00e4t? I standarddesign eller med er egen design?&nbsp;Kontakta oss&nbsp;f\u00f6r mer information. K\u00f6pa fysiska kortlekar Du kan k\u00f6pa kortlekarna #hur\u00e4rdethososs, #atourworkplace, #unUnseremArbeitsplatz, #ANotreTravail, #EnNuestroTrabajo, #Meid\u00e4nTY\u00f6paikallamme och #unaswpracy h\u00e4r i &hellip; <\/p>\n<p class=\"link-more\"><a href=\"https:\/\/hurardethososs.se\/wp\/webbutik-start\/\" class=\"more-link\">Forts\u00e4tt l\u00e4sa<span class=\"screen-reader-text\"> \u201dWebbshop\u201d<\/span><\/a><\/p>\n","protected":false},"author":1,"featured_media":0,"parent":0,"menu_order":0,"comment_status":"closed","ping_status":"closed","template":"","meta":{"footnotes":""},"class_list":["post-325","page","type-page","status-publish","hentry"],"yoast_head":"<!-- This site is optimized with the Yoast SEO plugin v27.1.1 - https:\/\/yoast.com\/product\/yoast-seo-wordpress\/ -->\n<title>Webbshop - #hur&auml;rdethososs<\/title>\n<meta name=\"description\" content=\"Du kan k\u00f6pa kortlekarna #hur\u00e4rdethososs j\u00e4mst\u00e4lldhet m\u00e5ngfald, #atourworkplace inclusion #unUnseremArbeitsplatz och #unaswpracy h\u00e4r i v\u00e5r webbutik.\" \/>\n<meta name=\"robots\" content=\"index, follow, max-snippet:-1, max-image-preview:large, max-video-preview:-1\" \/>\n<link rel=\"canonical\" href=\"https:\/\/hurardethososs.se\/wp\/webbutik-start\/\" \/>\n<meta property=\"og:locale\" content=\"sv_SE\" \/>\n<meta property=\"og:type\" content=\"article\" \/>\n<meta property=\"og:title\" content=\"Webbshop - #hur&auml;rdethososs\" \/>\n<meta property=\"og:description\" content=\"Du kan k\u00f6pa kortlekarna #hur\u00e4rdethososs j\u00e4mst\u00e4lldhet m\u00e5ngfald, #atourworkplace inclusion #unUnseremArbeitsplatz och #unaswpracy h\u00e4r i v\u00e5r webbutik.\" \/>\n<meta property=\"og:url\" content=\"https:\/\/hurardethososs.se\/wp\/webbutik-start\/\" \/>\n<meta property=\"og:site_name\" content=\"#hur&auml;rdethososs\" \/>\n<meta property=\"article:modified_time\" content=\"2022-09-17T05:02:40+00:00\" \/>\n<meta property=\"og:image\" content=\"https:\/\/hurardethososs.se\/wp\/wp-content\/uploads\/2019\/02\/Card-game-atourwokplace-300x252.jpg\" \/>\n<meta name=\"twitter:card\" content=\"summary_large_image\" \/>\n<meta name=\"twitter:label1\" content=\"Ber\u00e4knad l\u00e4stid\" \/>\n\t<meta name=\"twitter:data1\" content=\"2 minuter\" \/>\n<script type=\"application\/ld+json\" class=\"yoast-schema-graph\">{\"@context\":\"https:\/\/schema.org\",\"@graph\":[{\"@type\":\"WebPage\",\"@id\":\"https:\/\/hurardethososs.se\/wp\/webbutik-start\/\",\"url\":\"https:\/\/hurardethososs.se\/wp\/webbutik-start\/\",\"name\":\"Webbshop - #hur&auml;rdethososs\",\"isPartOf\":{\"@id\":\"https:\/\/hurardethososs.se\/wp\/#website\"},\"primaryImageOfPage\":{\"@id\":\"https:\/\/hurardethososs.se\/wp\/webbutik-start\/#primaryimage\"},\"image\":{\"@id\":\"https:\/\/hurardethososs.se\/wp\/webbutik-start\/#primaryimage\"},\"thumbnailUrl\":\"https:\/\/hurardethososs.se\/wp\/wp-content\/uploads\/2019\/02\/Card-game-atourwokplace-300x252.jpg\",\"datePublished\":\"2017-04-29T09:40:28+00:00\",\"dateModified\":\"2022-09-17T05:02:40+00:00\",\"description\":\"Du kan k\u00f6pa kortlekarna #hur\u00e4rdethososs j\u00e4mst\u00e4lldhet m\u00e5ngfald, #atourworkplace inclusion #unUnseremArbeitsplatz och #unaswpracy h\u00e4r i v\u00e5r webbutik.\",\"breadcrumb\":{\"@id\":\"https:\/\/hurardethososs.se\/wp\/webbutik-start\/#breadcrumb\"},\"inLanguage\":\"sv-SE\",\"potentialAction\":[{\"@type\":\"ReadAction\",\"target\":[\"https:\/\/hurardethososs.se\/wp\/webbutik-start\/\"]}]},{\"@type\":\"ImageObject\",\"inLanguage\":\"sv-SE\",\"@id\":\"https:\/\/hurardethososs.se\/wp\/webbutik-start\/#primaryimage\",\"url\":\"https:\/\/hurardethososs.se\/wp\/wp-content\/uploads\/2019\/02\/Card-game-atourwokplace.jpg\",\"contentUrl\":\"https:\/\/hurardethososs.se\/wp\/wp-content\/uploads\/2019\/02\/Card-game-atourwokplace.jpg\",\"width\":1757,\"height\":1475},{\"@type\":\"BreadcrumbList\",\"@id\":\"https:\/\/hurardethososs.se\/wp\/webbutik-start\/#breadcrumb\",\"itemListElement\":[{\"@type\":\"ListItem\",\"position\":1,\"name\":\"Hem\",\"item\":\"https:\/\/hurardethososs.se\/wp\/\"},{\"@type\":\"ListItem\",\"position\":2,\"name\":\"Webbshop\"}]},{\"@type\":\"WebSite\",\"@id\":\"https:\/\/hurardethososs.se\/wp\/#website\",\"url\":\"https:\/\/hurardethososs.se\/wp\/\",\"name\":\"#hur&auml;rdethososs\",\"description\":\"Fysiska och digitala dialogverktyg f&ouml;r diskussion och utveckling\",\"publisher\":{\"@id\":\"https:\/\/hurardethososs.se\/wp\/#organization\"},\"potentialAction\":[{\"@type\":\"SearchAction\",\"target\":{\"@type\":\"EntryPoint\",\"urlTemplate\":\"https:\/\/hurardethososs.se\/wp\/?s={search_term_string}\"},\"query-input\":{\"@type\":\"PropertyValueSpecification\",\"valueRequired\":true,\"valueName\":\"search_term_string\"}}],\"inLanguage\":\"sv-SE\"},{\"@type\":\"Organization\",\"@id\":\"https:\/\/hurardethososs.se\/wp\/#organization\",\"name\":\"#hur&auml;rdethososs\",\"url\":\"https:\/\/hurardethososs.se\/wp\/\",\"logo\":{\"@type\":\"ImageObject\",\"inLanguage\":\"sv-SE\",\"@id\":\"https:\/\/hurardethososs.se\/wp\/#\/schema\/logo\/image\/\",\"url\":\"https:\/\/hurardethososs.se\/wp\/wp-content\/uploads\/2019\/02\/cropped-App-icon-inclusion.png\",\"contentUrl\":\"https:\/\/hurardethososs.se\/wp\/wp-content\/uploads\/2019\/02\/cropped-App-icon-inclusion.png\",\"width\":250,\"height\":250,\"caption\":\"#hur&auml;rdethososs\"},\"image\":{\"@id\":\"https:\/\/hurardethososs.se\/wp\/#\/schema\/logo\/image\/\"}}]}<\/script>\n<!-- \/ Yoast SEO plugin. -->","yoast_head_json":{"title":"Webbshop - #hur&auml;rdethososs","description":"Du kan k\u00f6pa kortlekarna #hur\u00e4rdethososs j\u00e4mst\u00e4lldhet m\u00e5ngfald, #atourworkplace inclusion #unUnseremArbeitsplatz och #unaswpracy h\u00e4r i v\u00e5r webbutik.","robots":{"index":"index","follow":"follow","max-snippet":"max-snippet:-1","max-image-preview":"max-image-preview:large","max-video-preview":"max-video-preview:-1"},"canonical":"https:\/\/hurardethososs.se\/wp\/webbutik-start\/","og_locale":"sv_SE","og_type":"article","og_title":"Webbshop - #hur&auml;rdethososs","og_description":"Du kan k\u00f6pa kortlekarna #hur\u00e4rdethososs j\u00e4mst\u00e4lldhet m\u00e5ngfald, #atourworkplace inclusion #unUnseremArbeitsplatz och #unaswpracy h\u00e4r i v\u00e5r webbutik.","og_url":"https:\/\/hurardethososs.se\/wp\/webbutik-start\/","og_site_name":"#hur&auml;rdethososs","article_modified_time":"2022-09-17T05:02:40+00:00","og_image":[{"url":"https:\/\/hurardethososs.se\/wp\/wp-content\/uploads\/2019\/02\/Card-game-atourwokplace-300x252.jpg","type":"","width":"","height":""}],"twitter_card":"summary_large_image","twitter_misc":{"Ber\u00e4knad l\u00e4stid":"2 minuter"},"schema":{"@context":"https:\/\/schema.org","@graph":[{"@type":"WebPage","@id":"https:\/\/hurardethososs.se\/wp\/webbutik-start\/","url":"https:\/\/hurardethososs.se\/wp\/webbutik-start\/","name":"Webbshop - #hur&auml;rdethososs","isPartOf":{"@id":"https:\/\/hurardethososs.se\/wp\/#website"},"primaryImageOfPage":{"@id":"https:\/\/hurardethososs.se\/wp\/webbutik-start\/#primaryimage"},"image":{"@id":"https:\/\/hurardethososs.se\/wp\/webbutik-start\/#primaryimage"},"thumbnailUrl":"https:\/\/hurardethososs.se\/wp\/wp-content\/uploads\/2019\/02\/Card-game-atourwokplace-300x252.jpg","datePublished":"2017-04-29T09:40:28+00:00","dateModified":"2022-09-17T05:02:40+00:00","description":"Du kan k\u00f6pa kortlekarna #hur\u00e4rdethososs j\u00e4mst\u00e4lldhet m\u00e5ngfald, #atourworkplace inclusion #unUnseremArbeitsplatz och #unaswpracy h\u00e4r i v\u00e5r webbutik.","breadcrumb":{"@id":"https:\/\/hurardethososs.se\/wp\/webbutik-start\/#breadcrumb"},"inLanguage":"sv-SE","potentialAction":[{"@type":"ReadAction","target":["https:\/\/hurardethososs.se\/wp\/webbutik-start\/"]}]},{"@type":"ImageObject","inLanguage":"sv-SE","@id":"https:\/\/hurardethososs.se\/wp\/webbutik-start\/#primaryimage","url":"https:\/\/hurardethososs.se\/wp\/wp-content\/uploads\/2019\/02\/Card-game-atourwokplace.jpg","contentUrl":"https:\/\/hurardethososs.se\/wp\/wp-content\/uploads\/2019\/02\/Card-game-atourwokplace.jpg","width":1757,"height":1475},{"@type":"BreadcrumbList","@id":"https:\/\/hurardethososs.se\/wp\/webbutik-start\/#breadcrumb","itemListElement":[{"@type":"ListItem","position":1,"name":"Hem","item":"https:\/\/hurardethososs.se\/wp\/"},{"@type":"ListItem","position":2,"name":"Webbshop"}]},{"@type":"WebSite","@id":"https:\/\/hurardethososs.se\/wp\/#website","url":"https:\/\/hurardethososs.se\/wp\/","name":"#hur&auml;rdethososs","description":"Fysiska och digitala dialogverktyg f&ouml;r diskussion och utveckling","publisher":{"@id":"https:\/\/hurardethososs.se\/wp\/#organization"},"potentialAction":[{"@type":"SearchAction","target":{"@type":"EntryPoint","urlTemplate":"https:\/\/hurardethososs.se\/wp\/?s={search_term_string}"},"query-input":{"@type":"PropertyValueSpecification","valueRequired":true,"valueName":"search_term_string"}}],"inLanguage":"sv-SE"},{"@type":"Organization","@id":"https:\/\/hurardethososs.se\/wp\/#organization","name":"#hur&auml;rdethososs","url":"https:\/\/hurardethososs.se\/wp\/","logo":{"@type":"ImageObject","inLanguage":"sv-SE","@id":"https:\/\/hurardethososs.se\/wp\/#\/schema\/logo\/image\/","url":"https:\/\/hurardethososs.se\/wp\/wp-content\/uploads\/2019\/02\/cropped-App-icon-inclusion.png","contentUrl":"https:\/\/hurardethososs.se\/wp\/wp-content\/uploads\/2019\/02\/cropped-App-icon-inclusion.png","width":250,"height":250,"caption":"#hur&auml;rdethososs"},"image":{"@id":"https:\/\/hurardethososs.se\/wp\/#\/schema\/logo\/image\/"}}]}},"_links":{"self":[{"href":"https:\/\/hurardethososs.se\/wp\/wp-json\/wp\/v2\/pages\/325","targetHints":{"allow":["GET"]}}],"collection":[{"href":"https:\/\/hurardethososs.se\/wp\/wp-json\/wp\/v2\/pages"}],"about":[{"href":"https:\/\/hurardethososs.se\/wp\/wp-json\/wp\/v2\/types\/page"}],"author":[{"embeddable":true,"href":"https:\/\/hurardethososs.se\/wp\/wp-json\/wp\/v2\/users\/1"}],"replies":[{"embeddable":true,"href":"https:\/\/hurardethososs.se\/wp\/wp-json\/wp\/v2\/comments?post=325"}],"version-history":[{"count":78,"href":"https:\/\/hurardethososs.se\/wp\/wp-json\/wp\/v2\/pages\/325\/revisions"}],"predecessor-version":[{"id":4193,"href":"https:\/\/hurardethososs.se\/wp\/wp-json\/wp\/v2\/pages\/325\/revisions\/4193"}],"wp:attachment":[{"href":"https:\/\/hurardethososs.se\/wp\/wp-json\/wp\/v2\/media?parent=325"}],"curies":[{"name":"wp","href":"https:\/\/api.w.org\/{rel}","templated":true}]}}